{"id":31843,"date":"2026-03-02T08:11:55","date_gmt":"2026-03-02T08:11:55","guid":{"rendered":"https:\/\/dimud.com\/?page_id=31843"},"modified":"2026-04-21T07:39:37","modified_gmt":"2026-04-21T07:39:37","slug":"guides","status":"publish","type":"page","link":"https:\/\/dimud.com\/es\/guides\/","title":{"rendered":"Gu\u00edas"},"content":{"rendered":"<div data-elementor-type=\"wp-page\" data-elementor-id=\"31843\" class=\"elementor elementor-31843\" data-elementor-settings=\"{&quot;ha_cmc_init_switcher&quot;:&quot;no&quot;}\" data-elementor-post-type=\"page\">\n\t\t\t\t<div class=\"elementor-element elementor-element-a888a74 e-flex e-con-boxed e-con e-parent\" data-id=\"a888a74\" data-element_type=\"container\" data-e-type=\"container\" data-settings=\"{&quot;background_background&quot;:&quot;classic&quot;,&quot;_ha_eqh_enable&quot;:false,&quot;ekit_has_onepagescroll_dot&quot;:&quot;yes&quot;}\">\n\t\t\t\t\t<div class=\"e-con-inner\">\n\t\t<div class=\"elementor-element elementor-element-f309327 e-con-full e-flex e-con e-child\" data-id=\"f309327\" data-element_type=\"container\" data-e-type=\"container\" data-settings=\"{&quot;_ha_eqh_enable&quot;:false,&quot;ekit_has_onepagescroll_dot&quot;:&quot;yes&quot;}\">\n\t\t\t\t<div class=\"elementor-element elementor-element-5af764a elementor-widget elementor-widget-eael-breadcrumbs\" data-id=\"5af764a\" data-element_type=\"widget\" data-e-type=\"widget\" data-settings=\"{&quot;ekit_we_effect_on&quot;:&quot;none&quot;}\" data-widget_type=\"eael-breadcrumbs.default\">\n\t\t\t\t<div class=\"elementor-widget-container\">\n\t\t\t\t\t\t\t<div class=\"eael-breadcrumbs\">\n\t\t\t<div class=\"eael-breadcrumbs__content\"><a href=\"https:\/\/dimud.com\/es\">Inicio<\/a> <span class=\"eael-breadcrumb-separator\"><svg aria-hidden=\"true\" class=\"e-font-icon-svg e-fas-angle-double-right\" viewbox=\"0 0 448 512\" xmlns=\"http:\/\/www.w3.org\/2000\/svg\"><path d=\"M224.3 273l-136 136c-9.4 9.4-24.6 9.4-33.9 0l-22.6-22.6c-9.4-9.4-9.4-24.6 0-33.9l96.4-96.4-96.4-96.4c-9.4-9.4-9.4-24.6 0-33.9L54.3 103c9.4-9.4 24.6-9.4 33.9 0l136 136c9.5 9.4 9.5 24.6.1 34zm192-34l-136-136c-9.4-9.4-24.6-9.4-33.9 0l-22.6 22.6c-9.4 9.4-9.4 24.6 0 33.9l96.4 96.4-96.4 96.4c-9.4 9.4-9.4 24.6 0 33.9l22.6 22.6c9.4 9.4 24.6 9.4 33.9 0l136-136c9.4-9.2 9.4-24.4 0-33.8z\"><\/path><\/svg><\/span> <span class = \"eael-current\">P\u00e1gina<\/span><\/div>\t\t<\/div>\n\t\t\t\t\t\t<\/div>\n\t\t\t\t<\/div>\n\t\t\t\t<div class=\"elementor-element elementor-element-db09788 elementor-widget-divider--view-line elementor-widget elementor-widget-divider\" data-id=\"db09788\" data-element_type=\"widget\" data-e-type=\"widget\" data-settings=\"{&quot;ekit_we_effect_on&quot;:&quot;none&quot;}\" data-widget_type=\"divider.default\">\n\t\t\t\t\t\t\t<div class=\"elementor-divider\">\n\t\t\t<span class=\"elementor-divider-separator\">\n\t\t\t\t\t\t<\/span>\n\t\t<\/div>\n\t\t\t\t\t\t<\/div>\n\t\t\t\t<div class=\"elementor-element elementor-element-a808953 elementor-widget elementor-widget-heading\" data-id=\"a808953\" data-element_type=\"widget\" data-e-type=\"widget\" data-settings=\"{&quot;ekit_we_effect_on&quot;:&quot;none&quot;}\" data-widget_type=\"heading.default\">\n\t\t\t\t\t<h1 class=\"elementor-heading-title elementor-size-default\">Manufacturing Guides\n<\/h1>\t\t\t\t<\/div>\n\t\t\t\t<\/div>\n\t\t\t\t\t<\/div>\n\t\t\t\t<\/div>\n\t\t<div class=\"elementor-element elementor-element-67acce7 e-flex e-con-boxed e-con e-parent\" data-id=\"67acce7\" data-element_type=\"container\" data-e-type=\"container\" data-settings=\"{&quot;_ha_eqh_enable&quot;:false,&quot;ekit_has_onepagescroll_dot&quot;:&quot;yes&quot;}\">\n\t\t\t\t\t<div class=\"e-con-inner\">\n\t\t\t\t<div class=\"elementor-element elementor-element-4511f4b ekit-blog-posts--bg-hover bg-hover-classic elementor-widget elementor-widget-elementskit-blog-posts\" data-id=\"4511f4b\" data-element_type=\"widget\" data-e-type=\"widget\" data-settings=\"{&quot;ekit_we_effect_on&quot;:&quot;none&quot;}\" data-widget_type=\"elementskit-blog-posts.default\">\n\t\t\t\t\t<div class=\"ekit-wid-con\" >\n        <div id=\"post-items--4511f4b\" class=\"row post-items ekit-blog-posts-content wihout-masonry\" data-enable=\"no\">\n\n\t\t\t<!-- Blog Carousel markup render -->\n\t\t\t\n\n            <div class=\"col-lg-4 col-md-6\">\n\n                                    <div class=\"elementskit-post-image-card\">\n                        <div class=\"elementskit-entry-header\">\n                                                            <a href=\"https:\/\/dimud.com\/es\/silicone-mold-manufacturing-guide\/\" class=\"elementskit-entry-thumb\">\n                                    <img decoding=\"async\" src=\"https:\/\/dimud.com\/wp-content\/uploads\/2026\/05\/silicone-mold-release-technique-scet.webp\" alt=\"What Is the Best Way to Make a Silicone Mold? A Practical Guide From Materials to Demolding\">\n                                <\/a><!-- .elementskit-entry-thumb END -->\n                                                                                                    <div class=\"elementskit-meta-lists elementskit-style-tag\">\n                                        <div class=\"elementskit-single-meta triangle_left\"><span class=\"elementskit-meta-wraper\"><strong>13<\/strong>Mayo<\/span><\/div>\n                                    <\/div>\n                                                                                            \n                            \n                                                    <\/div><!-- .elementskit-entry-header END -->\n\n                        <div class=\"elementskit-post-body\">\n                            \n                                                                                                                                                        \n                                        \n                                        \t\t\t\t\t\t\t\t\t\t                <h2 class=\"entry-title\">\n                    <a href=\"https:\/\/dimud.com\/es\/silicone-mold-manufacturing-guide\/\">\n                            What Is the Best Way to Make a Silicone Mold? A Practical Guide From Materials to Demolding                    <\/a>\n                <\/h2>\n                                                                                                                                                    \t\t\t\t\t\t\t\t\t\t<p>The first time I watched someone make a silicone mold from scratch, I thought it looked almost too easy. Pour some rubber over a shape. Wait. Done. Then I tried it myself. Let&#8217;s just say the results were&#8230; educational. But&hellip;<\/p>\n                                                                                                                                                        <div class=\"btn-wraper\">\n                                    \n                                                                            <a href=\"https:\/\/dimud.com\/es\/silicone-mold-manufacturing-guide\/\" class=\"elementskit-btn  whitespace--normal\">\n                                                                                    M\u00e1s informaci\u00f3n                                         <\/a>\n                                                                    <\/div>\n                                                    <\/div><!-- .elementskit-post-body END -->\n                    <\/div>\n                \n            <\/div>\t\t\t\t\n\n            <div class=\"col-lg-4 col-md-6\">\n\n                                    <div class=\"elementskit-post-image-card\">\n                        <div class=\"elementskit-entry-header\">\n                                                            <a href=\"https:\/\/dimud.com\/es\/injection-molding-cost\/\" class=\"elementskit-entry-thumb\">\n                                    <img decoding=\"async\" src=\"https:\/\/dimud.com\/wp-content\/uploads\/2026\/05\/injection-molding-cost-estimation-guide.png\" alt=\"\u00bfC\u00f3mo calcular los costes del moldeo por inyecci\u00f3n? Una gu\u00eda completa para ingenieros y responsables de compras\">\n                                <\/a><!-- .elementskit-entry-thumb END -->\n                                                                                                    <div class=\"elementskit-meta-lists elementskit-style-tag\">\n                                        <div class=\"elementskit-single-meta triangle_left\"><span class=\"elementskit-meta-wraper\"><strong>09<\/strong>Mayo<\/span><\/div>\n                                    <\/div>\n                                                                                            \n                            \n                                                    <\/div><!-- .elementskit-entry-header END -->\n\n                        <div class=\"elementskit-post-body\">\n                            \n                                                                                                                                                        \n                                        \n                                        \t\t\t\t\t\t\t\t\t\t                <h2 class=\"entry-title\">\n                    <a href=\"https:\/\/dimud.com\/es\/injection-molding-cost\/\">\n                            \u00bfC\u00f3mo calcular los costes del moldeo por inyecci\u00f3n? Una gu\u00eda completa para ingenieros y responsables de compras                    <\/a>\n                <\/h2>\n                                                                                                                                                    \t\t\t\t\t\t\t\t\t\t<p>Have you ever received an injection molding quote but had no idea whether the price was high or low?Or has your product development budget suddenly gone over budget during mass production, yet you couldn\u2019t pinpoint the root cause?This article will&hellip;<\/p>\n                                                                                                                                                        <div class=\"btn-wraper\">\n                                    \n                                                                            <a href=\"https:\/\/dimud.com\/es\/injection-molding-cost\/\" class=\"elementskit-btn  whitespace--normal\">\n                                                                                    M\u00e1s informaci\u00f3n                                         <\/a>\n                                                                    <\/div>\n                                                    <\/div><!-- .elementskit-post-body END -->\n                    <\/div>\n                \n            <\/div>\t\t\t\t        <\/div>\n\n\n                    <div\n            data-ekit-blog-post-style=\"numbered\"\n            class=\"ekit-blog-post-pagination-container ekit-blog-post-pagination-style-numbered\"\n            id=\"post-nagivation--4511f4b\">\n                            <\/div>\n\n            <\/div>\t\t\t\t<\/div>\n\t\t\t\t\t<\/div>\n\t\t\t\t<\/div>\n\t\t\t\t<\/div>","protected":false},"excerpt":{"rendered":"<p>Home Manufacturing Guides Dimud Technology: Precision Mold &#038; Component Solution Case Study for Automotive Industry &#8211; [Cloned #32060] &#8211; [Cloned #34883] &#8211; [Cloned #34885] Core Cooperation Demand: A global top-ti&hellip; Learn more Dimud Technology: Precision Mold &#038; Component Solution Case Study for Automotive Industry &#8211; [Cloned #32060] &#8211; [Cloned #34883] &#8211; [Cloned #34885] &#8211; [Cloned [&hellip;] <\/p>\n","protected":false},"author":28,"featured_media":0,"parent":0,"menu_order":0,"comment_status":"closed","ping_status":"closed","template":"","meta":{"footnotes":""},"class_list":["post-31843","page","type-page","status-publish","hentry"],"blocksy_meta":[],"_links":{"self":[{"href":"https:\/\/dimud.com\/es\/wp-json\/wp\/v2\/pages\/31843","targetHints":{"allow":["GET"]}}],"collection":[{"href":"https:\/\/dimud.com\/es\/wp-json\/wp\/v2\/pages"}],"about":[{"href":"https:\/\/dimud.com\/es\/wp-json\/wp\/v2\/types\/page"}],"author":[{"embeddable":true,"href":"https:\/\/dimud.com\/es\/wp-json\/wp\/v2\/users\/28"}],"replies":[{"embeddable":true,"href":"https:\/\/dimud.com\/es\/wp-json\/wp\/v2\/comments?post=31843"}],"version-history":[{"count":0,"href":"https:\/\/dimud.com\/es\/wp-json\/wp\/v2\/pages\/31843\/revisions"}],"wp:attachment":[{"href":"https:\/\/dimud.com\/es\/wp-json\/wp\/v2\/media?parent=31843"}],"curies":[{"name":"wp","href":"https:\/\/api.w.org\/{rel}","templated":true}]}}