{"id":30930,"date":"2026-02-21T06:43:28","date_gmt":"2026-02-21T06:43:28","guid":{"rendered":"https:\/\/dimud.com\/?page_id=30930"},"modified":"2026-04-22T03:39:51","modified_gmt":"2026-04-22T03:39:51","slug":"industrias","status":"publish","type":"page","link":"https:\/\/dimud.com\/es\/industries\/","title":{"rendered":"Industrias"},"content":{"rendered":"<div data-elementor-type=\"wp-page\" data-elementor-id=\"30930\" class=\"elementor elementor-30930\" data-elementor-settings=\"{&quot;ha_cmc_init_switcher&quot;:&quot;no&quot;}\" data-elementor-post-type=\"page\">\n\t\t\t\t<div class=\"elementor-element elementor-element-66bab5a e-flex e-con-boxed e-con e-parent\" data-id=\"66bab5a\" data-element_type=\"container\" data-e-type=\"container\" data-settings=\"{&quot;background_background&quot;:&quot;classic&quot;,&quot;_ha_eqh_enable&quot;:false,&quot;ekit_has_onepagescroll_dot&quot;:&quot;yes&quot;}\">\n\t\t\t\t\t<div class=\"e-con-inner\">\n\t\t<div class=\"elementor-element elementor-element-1a7811a e-con-full e-flex e-con e-child\" data-id=\"1a7811a\" data-element_type=\"container\" data-e-type=\"container\" data-settings=\"{&quot;_ha_eqh_enable&quot;:false,&quot;ekit_has_onepagescroll_dot&quot;:&quot;yes&quot;}\">\n\t\t\t\t<div class=\"elementor-element elementor-element-72a0458 elementor-widget elementor-widget-eael-breadcrumbs\" data-id=\"72a0458\" data-element_type=\"widget\" data-e-type=\"widget\" data-settings=\"{&quot;ekit_we_effect_on&quot;:&quot;none&quot;}\" data-widget_type=\"eael-breadcrumbs.default\">\n\t\t\t\t<div class=\"elementor-widget-container\">\n\t\t\t\t\t\t\t<div class=\"eael-breadcrumbs\">\n\t\t\t<div class=\"eael-breadcrumbs__content\"><a href=\"https:\/\/dimud.com\/es\">Inicio<\/a> <span class=\"eael-breadcrumb-separator\"><svg aria-hidden=\"true\" class=\"e-font-icon-svg e-fas-angle-double-right\" viewbox=\"0 0 448 512\" xmlns=\"http:\/\/www.w3.org\/2000\/svg\"><path d=\"M224.3 273l-136 136c-9.4 9.4-24.6 9.4-33.9 0l-22.6-22.6c-9.4-9.4-9.4-24.6 0-33.9l96.4-96.4-96.4-96.4c-9.4-9.4-9.4-24.6 0-33.9L54.3 103c9.4-9.4 24.6-9.4 33.9 0l136 136c9.5 9.4 9.5 24.6.1 34zm192-34l-136-136c-9.4-9.4-24.6-9.4-33.9 0l-22.6 22.6c-9.4 9.4-9.4 24.6 0 33.9l96.4 96.4-96.4 96.4c-9.4 9.4-9.4 24.6 0 33.9l22.6 22.6c9.4 9.4 24.6 9.4 33.9 0l136-136c9.4-9.2 9.4-24.4 0-33.8z\"><\/path><\/svg><\/span> <span class = \"eael-current\">P\u00e1gina<\/span><\/div>\t\t<\/div>\n\t\t\t\t\t\t<\/div>\n\t\t\t\t<\/div>\n\t\t\t\t<div class=\"elementor-element elementor-element-cc157ed elementor-widget-divider--view-line elementor-widget elementor-widget-divider\" data-id=\"cc157ed\" data-element_type=\"widget\" data-e-type=\"widget\" data-settings=\"{&quot;ekit_we_effect_on&quot;:&quot;none&quot;}\" data-widget_type=\"divider.default\">\n\t\t\t\t\t\t\t<div class=\"elementor-divider\">\n\t\t\t<span class=\"elementor-divider-separator\">\n\t\t\t\t\t\t<\/span>\n\t\t<\/div>\n\t\t\t\t\t\t<\/div>\n\t\t\t\t<div class=\"elementor-element elementor-element-2c20dd5 elementor-widget elementor-widget-heading\" data-id=\"2c20dd5\" data-element_type=\"widget\" data-e-type=\"widget\" data-settings=\"{&quot;ekit_we_effect_on&quot;:&quot;none&quot;}\" data-widget_type=\"heading.default\">\n\t\t\t\t\t<h1 class=\"elementor-heading-title elementor-size-default\">Soluciones de fabricaci\u00f3n para m\u00faltiples industrias<\/h1>\t\t\t\t<\/div>\n\t\t\t\t<div class=\"elementor-element elementor-element-3cfe32d elementor-widget elementor-widget-text-editor\" data-id=\"3cfe32d\" data-element_type=\"widget\" data-e-type=\"widget\" data-settings=\"{&quot;ekit_we_effect_on&quot;:&quot;none&quot;}\" data-widget_type=\"text-editor.default\">\n\t\t\t\t\t\t\t\t\t<p><strong>Obtenga piezas personalizadas para su sector con precisi\u00f3n y fiabilidad<\/strong><\/p>\t\t\t\t\t\t\t\t<\/div>\n\t\t\t\t<div class=\"elementor-element elementor-element-3f72735 elementor-icon-list--layout-traditional elementor-list-item-link-full_width elementor-widget elementor-widget-icon-list\" data-id=\"3f72735\" data-element_type=\"widget\" data-e-type=\"widget\" data-settings=\"{&quot;ekit_we_effect_on&quot;:&quot;none&quot;}\" data-widget_type=\"icon-list.default\">\n\t\t\t\t\t\t\t<ul class=\"elementor-icon-list-items\">\n\t\t\t\t\t\t\t<li class=\"elementor-icon-list-item\">\n\t\t\t\t\t\t\t\t\t\t\t<span class=\"elementor-icon-list-icon\">\n\t\t\t\t\t\t\t<i aria-hidden=\"true\" class=\"icon icon-right-mark\"><\/i>\t\t\t\t\t\t<\/span>\n\t\t\t\t\t\t\t\t\t\t<span class=\"elementor-icon-list-text\">Experiencia pr\u00e1ctica con cientos de materiales<\/span>\n\t\t\t\t\t\t\t\t\t<\/li>\n\t\t\t\t\t\t\t\t<li class=\"elementor-icon-list-item\">\n\t\t\t\t\t\t\t\t\t\t\t<span class=\"elementor-icon-list-icon\">\n\t\t\t\t\t\t\t<i aria-hidden=\"true\" class=\"icon icon-right-mark\"><\/i>\t\t\t\t\t\t<\/span>\n\t\t\t\t\t\t\t\t\t\t<span class=\"elementor-icon-list-text\">Estar familiarizado con los materiales utilizados en diferentes industriasEstar familiarizado con los materiales utilizados en diferentes industrias<\/span>\n\t\t\t\t\t\t\t\t\t<\/li>\n\t\t\t\t\t\t\t\t<li class=\"elementor-icon-list-item\">\n\t\t\t\t\t\t\t\t\t\t\t<span class=\"elementor-icon-list-icon\">\n\t\t\t\t\t\t\t<i aria-hidden=\"true\" class=\"icon icon-right-mark\"><\/i>\t\t\t\t\t\t<\/span>\n\t\t\t\t\t\t\t\t\t\t<span class=\"elementor-icon-list-text\">Esp\u00edritu innovador en el uso de nuevos materiales<\/span>\n\t\t\t\t\t\t\t\t\t<\/li>\n\t\t\t\t\t\t<\/ul>\n\t\t\t\t\t\t<\/div>\n\t\t\t\t<div class=\"elementor-element elementor-element-df4db95 elementor-widget elementor-widget-button\" data-id=\"df4db95\" data-element_type=\"widget\" data-e-type=\"widget\" data-settings=\"{&quot;ekit_we_effect_on&quot;:&quot;none&quot;}\" data-widget_type=\"button.default\">\n\t\t\t\t\t\t\t\t\t\t<a class=\"elementor-button elementor-button-link elementor-size-sm elementor-animation-grow\" href=\"#elementor-action%3Aaction%3Dpopup%3Aopen%26settings%3DeyJpZCI6IjM1MDIxIiwidG9nZ2xlIjpmYWxzZX0%3D\">\n\t\t\t\t\t\t<span class=\"elementor-button-content-wrapper\">\n\t\t\t\t\t\t<span class=\"elementor-button-icon\">\n\t\t\t\t<i aria-hidden=\"true\" class=\"icon icon-settings\"><\/i>\t\t\t<\/span>\n\t\t\t\t\t\t\t\t\t<span class=\"elementor-button-text\">Comun\u00edquese con nosotros<\/span>\n\t\t\t\t\t<\/span>\n\t\t\t\t\t<\/a>\n\t\t\t\t\t\t\t\t<\/div>\n\t\t\t\t<div class=\"elementor-element elementor-element-5d961e8 elementor-widget elementor-widget-text-editor\" data-id=\"5d961e8\" data-element_type=\"widget\" data-e-type=\"widget\" data-settings=\"{&quot;ekit_we_effect_on&quot;:&quot;none&quot;}\" data-widget_type=\"text-editor.default\">\n\t\t\t\t\t\t\t\t\t<p>Si es necesario, puede firmarse un acuerdo de confidencialidad antes del presupuesto.<\/p>\t\t\t\t\t\t\t\t<\/div>\n\t\t\t\t<\/div>\n\t\t\t\t\t<\/div>\n\t\t\t\t<\/div>\n\t\t<div class=\"elementor-element elementor-element-efa5793 e-flex e-con-boxed e-con e-parent\" data-id=\"efa5793\" data-element_type=\"container\" data-e-type=\"container\" data-settings=\"{&quot;_ha_eqh_enable&quot;:false,&quot;ekit_has_onepagescroll_dot&quot;:&quot;yes&quot;}\">\n\t\t\t\t\t<div class=\"e-con-inner\">\n\t\t<div class=\"elementor-element elementor-element-a240bcc e-con-full e-flex e-con e-child\" data-id=\"a240bcc\" data-element_type=\"container\" data-e-type=\"container\" data-settings=\"{&quot;_ha_eqh_enable&quot;:false,&quot;ekit_has_onepagescroll_dot&quot;:&quot;yes&quot;}\">\n\t\t\t\t<div class=\"elementor-element elementor-element-517b834 elementor-widget elementor-widget-heading\" data-id=\"517b834\" data-element_type=\"widget\" data-e-type=\"widget\" data-settings=\"{&quot;ekit_we_effect_on&quot;:&quot;none&quot;}\" data-widget_type=\"heading.default\">\n\t\t\t\t\t<h2 class=\"elementor-heading-title elementor-size-default\">Soluciones de fabricaci\u00f3n adaptadas a su sector<\/h2>\t\t\t\t<\/div>\n\t\t\t\t<div class=\"elementor-element elementor-element-71e79b1 elementor-widget elementor-widget-text-editor\" data-id=\"71e79b1\" data-element_type=\"widget\" data-e-type=\"widget\" data-settings=\"{&quot;ekit_we_effect_on&quot;:&quot;none&quot;}\" data-widget_type=\"text-editor.default\">\n\t\t\t\t\t\t\t\t\t<p>Elija su sector para obtener asistencia de fabricaci\u00f3n personalizada dise\u00f1ada para su aplicaci\u00f3n. Tanto si se dedica a la automoci\u00f3n como a la electr\u00f3nica, la medicina o la rob\u00f3tica, le ayudamos a fabricar piezas de precisi\u00f3n que cumplan requisitos estrictos y a llevar su proyecto del concepto a la producci\u00f3n de forma m\u00e1s r\u00e1pida y fiable.<\/p>\t\t\t\t\t\t\t\t<\/div>\n\t\t\t\t<\/div>\n\t\t<div class=\"elementor-element elementor-element-794403d e-con-full e-flex e-con e-child\" data-id=\"794403d\" data-element_type=\"container\" data-e-type=\"container\" data-settings=\"{&quot;_ha_eqh_enable&quot;:false,&quot;ekit_has_onepagescroll_dot&quot;:&quot;yes&quot;}\">\n\t\t<div class=\"elementor-element elementor-element-ef1e906 e-con-full e-flex e-con e-child\" data-id=\"ef1e906\" data-element_type=\"container\" data-e-type=\"container\" data-settings=\"{&quot;_ha_eqh_enable&quot;:false,&quot;ekit_has_onepagescroll_dot&quot;:&quot;yes&quot;}\">\n\t\t\t\t<div class=\"elementor-element elementor-element-a26a0d4 elementor-position-top elementor-widget elementor-widget-image-box\" data-id=\"a26a0d4\" data-element_type=\"widget\" data-e-type=\"widget\" data-settings=\"{&quot;ekit_we_effect_on&quot;:&quot;none&quot;}\" data-widget_type=\"image-box.default\">\n\t\t\t\t\t<div class=\"elementor-image-box-wrapper\"><figure class=\"elementor-image-box-img\"><a href=\"https:\/\/dimud.com\/es\/industrias\/automotive\/\" tabindex=\"-1\"><img fetchpriority=\"high\" decoding=\"async\" width=\"800\" height=\"600\" src=\"https:\/\/dimud.com\/wp-content\/uploads\/2026\/04\/automotive-manufacturing-1.webp\" class=\"attachment-full size-full wp-image-35323\" alt=\"\" srcset=\"https:\/\/dimud.com\/wp-content\/uploads\/2026\/04\/automotive-manufacturing-1.webp 800w, https:\/\/dimud.com\/wp-content\/uploads\/2026\/04\/automotive-manufacturing-1-400x300.webp 400w, https:\/\/dimud.com\/wp-content\/uploads\/2026\/04\/automotive-manufacturing-1-768x576.webp 768w\" sizes=\"(max-width: 800px) 100vw, 800px\" \/><\/a><\/figure><div class=\"elementor-image-box-content\"><h3 class=\"elementor-image-box-title\"><a href=\"https:\/\/dimud.com\/es\/industrias\/automotive\/\">Automoci\u00f3n<\/a><\/h3><p class=\"elementor-image-box-description\">Parachoques, paneles de puertas, componentes del salpicadero, \u00e1rboles de levas, cig\u00fce\u00f1ales, culatas, colectores de admisi\u00f3n, tapas de v\u00e1lvulas, componentes del turbocompresor, etc.<\/p><\/div><\/div>\t\t\t\t<\/div>\n\t\t\t\t<\/div>\n\t\t<div class=\"elementor-element elementor-element-b1ea337 e-con-full e-flex e-con e-child\" data-id=\"b1ea337\" data-element_type=\"container\" data-e-type=\"container\" data-settings=\"{&quot;_ha_eqh_enable&quot;:false,&quot;ekit_has_onepagescroll_dot&quot;:&quot;yes&quot;}\">\n\t\t\t\t<div class=\"elementor-element elementor-element-b75e24f elementor-position-top elementor-widget elementor-widget-image-box\" data-id=\"b75e24f\" data-element_type=\"widget\" data-e-type=\"widget\" data-settings=\"{&quot;ekit_we_effect_on&quot;:&quot;none&quot;}\" data-widget_type=\"image-box.default\">\n\t\t\t\t\t<div class=\"elementor-image-box-wrapper\"><figure class=\"elementor-image-box-img\"><a href=\"https:\/\/dimud.com\/es\/industrias\/electronics\/\" tabindex=\"-1\"><img decoding=\"async\" width=\"800\" height=\"600\" src=\"https:\/\/dimud.com\/wp-content\/uploads\/2026\/04\/consumer-electronics-manufacturing.webp\" class=\"attachment-full size-full wp-image-35324\" alt=\"\" srcset=\"https:\/\/dimud.com\/wp-content\/uploads\/2026\/04\/consumer-electronics-manufacturing.webp 800w, https:\/\/dimud.com\/wp-content\/uploads\/2026\/04\/consumer-electronics-manufacturing-400x300.webp 400w, https:\/\/dimud.com\/wp-content\/uploads\/2026\/04\/consumer-electronics-manufacturing-768x576.webp 768w\" sizes=\"(max-width: 800px) 100vw, 800px\" \/><\/a><\/figure><div class=\"elementor-image-box-content\"><h3 class=\"elementor-image-box-title\"><a href=\"https:\/\/dimud.com\/es\/industrias\/electronics\/\">Electr\u00f3nica de consumo<\/a><\/h3><p class=\"elementor-image-box-description\">Marcos estructurales de smartphones, soportes internos y abrazaderas, carcasas de port\u00e1tiles, carcasas de conectores y componentes de dispositivos wearables.<\/p><\/div><\/div>\t\t\t\t<\/div>\n\t\t\t\t<\/div>\n\t\t<div class=\"elementor-element elementor-element-f797c20 e-con-full e-flex e-con e-child\" data-id=\"f797c20\" data-element_type=\"container\" data-e-type=\"container\" data-settings=\"{&quot;_ha_eqh_enable&quot;:false,&quot;ekit_has_onepagescroll_dot&quot;:&quot;yes&quot;}\">\n\t\t\t\t<div class=\"elementor-element elementor-element-701207f elementor-position-top elementor-widget elementor-widget-image-box\" data-id=\"701207f\" data-element_type=\"widget\" data-e-type=\"widget\" data-settings=\"{&quot;ekit_we_effect_on&quot;:&quot;none&quot;}\" data-widget_type=\"image-box.default\">\n\t\t\t\t\t<div class=\"elementor-image-box-wrapper\"><figure class=\"elementor-image-box-img\"><a href=\"https:\/\/dimud.com\/es\/industrias\/medical\/\" tabindex=\"-1\"><img decoding=\"async\" width=\"800\" height=\"600\" src=\"https:\/\/dimud.com\/wp-content\/uploads\/2026\/04\/medical-component-manufacturing.webp\" class=\"attachment-full size-full wp-image-35325\" alt=\"\" srcset=\"https:\/\/dimud.com\/wp-content\/uploads\/2026\/04\/medical-component-manufacturing.webp 800w, https:\/\/dimud.com\/wp-content\/uploads\/2026\/04\/medical-component-manufacturing-400x300.webp 400w, https:\/\/dimud.com\/wp-content\/uploads\/2026\/04\/medical-component-manufacturing-768x576.webp 768w\" sizes=\"(max-width: 800px) 100vw, 800px\" \/><\/a><\/figure><div class=\"elementor-image-box-content\"><h3 class=\"elementor-image-box-title\"><a href=\"https:\/\/dimud.com\/es\/industrias\/medical\/\">M\u00e9dico<\/a><\/h3><p class=\"elementor-image-box-description\">Jeringuillas desechables, componentes de cat\u00e9teres, instrumentos quir\u00fargicos, implantes, pr\u00f3tesis, medidores de glucosa en sangre, dispositivos de ECG, carcasas, etc.<\/p><\/div><\/div>\t\t\t\t<\/div>\n\t\t\t\t<\/div>\n\t\t<div class=\"elementor-element elementor-element-bff3c95 e-con-full e-flex e-con e-child\" data-id=\"bff3c95\" data-element_type=\"container\" data-e-type=\"container\" data-settings=\"{&quot;_ha_eqh_enable&quot;:false,&quot;ekit_has_onepagescroll_dot&quot;:&quot;yes&quot;}\">\n\t\t\t\t<div class=\"elementor-element elementor-element-5dbad1b elementor-position-top elementor-widget elementor-widget-image-box\" data-id=\"5dbad1b\" data-element_type=\"widget\" data-e-type=\"widget\" data-settings=\"{&quot;ekit_we_effect_on&quot;:&quot;none&quot;}\" data-widget_type=\"image-box.default\">\n\t\t\t\t\t<div class=\"elementor-image-box-wrapper\"><figure class=\"elementor-image-box-img\"><a href=\"https:\/\/dimud.com\/es\/industrias\/robotics-energy\/\" tabindex=\"-1\"><img loading=\"lazy\" decoding=\"async\" width=\"800\" height=\"600\" src=\"https:\/\/dimud.com\/wp-content\/uploads\/2026\/04\/robotic-components-and-energy-storage.jpg\" class=\"attachment-full size-full wp-image-35484\" alt=\"componentes rob\u00f3ticos y almacenamiento de energ\u00eda\" srcset=\"https:\/\/dimud.com\/wp-content\/uploads\/2026\/04\/robotic-components-and-energy-storage.jpg 800w, https:\/\/dimud.com\/wp-content\/uploads\/2026\/04\/robotic-components-and-energy-storage-400x300.jpg 400w, https:\/\/dimud.com\/wp-content\/uploads\/2026\/04\/robotic-components-and-energy-storage-768x576.jpg 768w\" sizes=\"(max-width: 800px) 100vw, 800px\" \/><\/a><\/figure><div class=\"elementor-image-box-content\"><h3 class=\"elementor-image-box-title\"><a href=\"https:\/\/dimud.com\/es\/industrias\/robotics-energy\/\">Rob\u00f3tica y almacenamiento de energ\u00eda<\/a><\/h3><p class=\"elementor-image-box-description\">Soportes de sensores, carcasas, componentes de engranajes y cubiertas duraderas; carcasas de sistemas de gesti\u00f3n de bater\u00edas (BMS).<\/p><\/div><\/div>\t\t\t\t<\/div>\n\t\t\t\t<\/div>\n\t\t\t\t<\/div>\n\t\t\t\t\t<\/div>\n\t\t\t\t<\/div>\n\t\t\t\t<\/div>","protected":false},"excerpt":{"rendered":"<p>Home \u9875\u9762 Manufacturing Solutions for Multiple Industries Get custom parts built for your industry with precision and reliability Hands-on experience with hundreds of materials Be familiar with materials used in different industriesBe familiar with materials used in different industries Innovative spirit in the use of new materials Communicate With Us An NDA can be signed [&hellip;]<\/p>\n","protected":false},"author":28,"featured_media":31325,"parent":0,"menu_order":0,"comment_status":"closed","ping_status":"closed","template":"","meta":{"footnotes":""},"class_list":["post-30930","page","type-page","status-publish","has-post-thumbnail","hentry"],"blocksy_meta":[],"_links":{"self":[{"href":"https:\/\/dimud.com\/es\/wp-json\/wp\/v2\/pages\/30930","targetHints":{"allow":["GET"]}}],"collection":[{"href":"https:\/\/dimud.com\/es\/wp-json\/wp\/v2\/pages"}],"about":[{"href":"https:\/\/dimud.com\/es\/wp-json\/wp\/v2\/types\/page"}],"author":[{"embeddable":true,"href":"https:\/\/dimud.com\/es\/wp-json\/wp\/v2\/users\/28"}],"replies":[{"embeddable":true,"href":"https:\/\/dimud.com\/es\/wp-json\/wp\/v2\/comments?post=30930"}],"version-history":[{"count":0,"href":"https:\/\/dimud.com\/es\/wp-json\/wp\/v2\/pages\/30930\/revisions"}],"wp:featuredmedia":[{"embeddable":true,"href":"https:\/\/dimud.com\/es\/wp-json\/wp\/v2\/media\/31325"}],"wp:attachment":[{"href":"https:\/\/dimud.com\/es\/wp-json\/wp\/v2\/media?parent=30930"}],"curies":[{"name":"wp","href":"https:\/\/api.w.org\/{rel}","templated":true}]}}