{"id":32044,"date":"2026-03-04T06:38:55","date_gmt":"2026-03-04T06:38:55","guid":{"rendered":"https:\/\/eccentricpets.com\/?page_id=32044"},"modified":"2026-03-04T08:21:42","modified_gmt":"2026-03-04T08:21:42","slug":"case-studies","status":"publish","type":"page","link":"https:\/\/dimud.com\/de\/case-studies\/","title":{"rendered":"Fallstudien"},"content":{"rendered":"<div data-elementor-type=\"wp-page\" data-elementor-id=\"32044\" class=\"elementor elementor-32044\" data-elementor-settings=\"{&quot;ha_cmc_init_switcher&quot;:&quot;no&quot;}\" data-elementor-post-type=\"page\">\n\t\t\t\t<div class=\"elementor-element elementor-element-7479ef7 e-flex e-con-boxed e-con e-parent\" data-id=\"7479ef7\" data-element_type=\"container\" data-settings=\"{&quot;background_background&quot;:&quot;classic&quot;,&quot;_ha_eqh_enable&quot;:false,&quot;ekit_has_onepagescroll_dot&quot;:&quot;yes&quot;}\">\n\t\t\t\t\t<div class=\"e-con-inner\">\n\t\t<div class=\"elementor-element elementor-element-023ffd4 e-con-full e-flex e-con e-child\" data-id=\"023ffd4\" data-element_type=\"container\" data-settings=\"{&quot;_ha_eqh_enable&quot;:false,&quot;ekit_has_onepagescroll_dot&quot;:&quot;yes&quot;}\">\n\t\t\t\t<div class=\"elementor-element elementor-element-37246de elementor-widget elementor-widget-eael-breadcrumbs\" data-id=\"37246de\" data-element_type=\"widget\" data-settings=\"{&quot;ekit_we_effect_on&quot;:&quot;none&quot;}\" data-widget_type=\"eael-breadcrumbs.default\">\n\t\t\t\t<div class=\"elementor-widget-container\">\n\t\t\t\t\t\t\t<div class=\"eael-breadcrumbs\">\n\t\t\t<div class=\"eael-breadcrumbs__content\"><a href=\"https:\/\/dimud.com\/de\">Startseite<\/a> <span class=\"eael-breadcrumb-separator\"><svg aria-hidden=\"true\" class=\"e-font-icon-svg e-fas-angle-double-right\" viewbox=\"0 0 448 512\" xmlns=\"http:\/\/www.w3.org\/2000\/svg\"><path d=\"M224.3 273l-136 136c-9.4 9.4-24.6 9.4-33.9 0l-22.6-22.6c-9.4-9.4-9.4-24.6 0-33.9l96.4-96.4-96.4-96.4c-9.4-9.4-9.4-24.6 0-33.9L54.3 103c9.4-9.4 24.6-9.4 33.9 0l136 136c9.5 9.4 9.5 24.6.1 34zm192-34l-136-136c-9.4-9.4-24.6-9.4-33.9 0l-22.6 22.6c-9.4 9.4-9.4 24.6 0 33.9l96.4 96.4-96.4 96.4c-9.4 9.4-9.4 24.6 0 33.9l22.6 22.6c9.4 9.4 24.6 9.4 33.9 0l136-136c9.4-9.2 9.4-24.4 0-33.8z\"><\/path><\/svg><\/span> <span class = \"eael-current\">Seite<\/span><\/div>\t\t<\/div>\n\t\t\t\t\t\t<\/div>\n\t\t\t\t<\/div>\n\t\t\t\t<div class=\"elementor-element elementor-element-6a66a7e elementor-widget-divider--view-line elementor-widget elementor-widget-divider\" data-id=\"6a66a7e\" data-element_type=\"widget\" data-settings=\"{&quot;ekit_we_effect_on&quot;:&quot;none&quot;}\" data-widget_type=\"divider.default\">\n\t\t\t\t\t\t\t<div class=\"elementor-divider\">\n\t\t\t<span class=\"elementor-divider-separator\">\n\t\t\t\t\t\t<\/span>\n\t\t<\/div>\n\t\t\t\t\t\t<\/div>\n\t\t\t\t<div class=\"elementor-element elementor-element-a44c052 elementor-widget elementor-widget-heading\" data-id=\"a44c052\" data-element_type=\"widget\" data-settings=\"{&quot;ekit_we_effect_on&quot;:&quot;none&quot;}\" data-widget_type=\"heading.default\">\n\t\t\t\t\t<h1 class=\"elementor-heading-title elementor-size-default\">Fallstudien<\/h1>\t\t\t\t<\/div>\n\t\t\t\t<div class=\"elementor-element elementor-element-fc981ae elementor-widget elementor-widget-button\" data-id=\"fc981ae\" data-element_type=\"widget\" data-settings=\"{&quot;ekit_we_effect_on&quot;:&quot;none&quot;}\" data-widget_type=\"button.default\">\n\t\t\t\t\t\t\t\t\t\t<a class=\"elementor-button elementor-button-link elementor-size-sm elementor-animation-grow\" href=\"#\">\n\t\t\t\t\t\t<span class=\"elementor-button-content-wrapper\">\n\t\t\t\t\t\t<span class=\"elementor-button-icon\">\n\t\t\t\t<i aria-hidden=\"true\" class=\"icon icon-settings\"><\/i>\t\t\t<\/span>\n\t\t\t\t\t\t\t\t\t<span class=\"elementor-button-text\">Angebot f\u00fcr kundenspezifische Fertigung<\/span>\n\t\t\t\t\t<\/span>\n\t\t\t\t\t<\/a>\n\t\t\t\t\t\t\t\t<\/div>\n\t\t\t\t<\/div>\n\t\t\t\t\t<\/div>\n\t\t\t\t<\/div>\n\t\t<div class=\"elementor-element elementor-element-ed1d820 e-flex e-con-boxed e-con e-parent\" data-id=\"ed1d820\" data-element_type=\"container\" data-settings=\"{&quot;_ha_eqh_enable&quot;:false,&quot;ekit_has_onepagescroll_dot&quot;:&quot;yes&quot;}\">\n\t\t\t\t\t<div class=\"e-con-inner\">\n\t\t\t\t<div class=\"elementor-element elementor-element-617dec7 elementor-widget elementor-widget-eael-post-timeline\" data-id=\"617dec7\" data-element_type=\"widget\" data-settings=\"{&quot;ekit_we_effect_on&quot;:&quot;none&quot;}\" data-widget_type=\"eael-post-timeline.default\">\n\t\t\t\t\t<div id=\"eael-post-timeline-617dec7\" class=\"eael-post-timeline timeline-layout-card eael-post-timeline-arrow-top\">\n            <div class=\"eael-post-timeline eael-post-appender eael-post-appender-617dec7\"><article class=\"eael-timeline-post\">\n    <div class=\"eael-timeline-bullet\"><\/div>\n    <div class=\"eael-timeline-post-inner\">\n        <a class=\"eael-timeline-post-link\" href=\"https:\/\/dimud.com\/de\/dimud-technology-precision-mold-component-solution-case-study-for-automotive-industry\/\" title=\"Dimud-Technologie: Fallstudie \u00fcber Pr\u00e4zisionswerkzeuge und Komponenten f\u00fcr die Automobilindustrie\">\n            <time datetime=\"M\u00e4rz 4, 2026\">M\u00e4rz 4, 2026<\/time>\n            <div class=\"eael-timeline-post-image\" style=\"background-image: url(https:\/\/dimud.com\/wp-content\/uploads\/2026\/03\/DS-400x240.webp)\"><\/div><div class=\"eael-timeline-content\"><div class=\"eael-timeline-post-title\">\n\t\t                    <h2 class=\"eael-timeline-post-title-text\">Dimud-Technologie: Fallstudie \u00fcber Pr\u00e4zisionswerkzeuge und Komponenten f\u00fcr die Automobilindustrie<\/h2>\n\t\t                <\/div><div class=\"eael-timeline-post-excerpt\"><p>Core Cooperation Demand: A global top-tier automotive brand (partner of...<\/p><\/div><\/div><\/a>\n    <\/div>\n    <div class=\"eael-timeline-clear\"><\/div>\n<\/article><\/div>\n\t\t<\/div>\t\t\t\t<\/div>\n\t\t\t\t\t<\/div>\n\t\t\t\t<\/div>\n\t\t\t\t<\/div>","protected":false},"excerpt":{"rendered":"<p>Home Case Studies Custom Manufacturing Quote March 4, 2026 Dimud Technology: Precision Mold &#038; Component Solution Case Study for Automotive Industry Core Cooperation Demand: A global top-tier automotive brand (partner of&#8230;<\/p>","protected":false},"author":28,"featured_media":0,"parent":0,"menu_order":0,"comment_status":"closed","ping_status":"closed","template":"","meta":{"footnotes":""},"class_list":["post-32044","page","type-page","status-publish","hentry"],"blocksy_meta":[],"_links":{"self":[{"href":"https:\/\/dimud.com\/de\/wp-json\/wp\/v2\/pages\/32044","targetHints":{"allow":["GET"]}}],"collection":[{"href":"https:\/\/dimud.com\/de\/wp-json\/wp\/v2\/pages"}],"about":[{"href":"https:\/\/dimud.com\/de\/wp-json\/wp\/v2\/types\/page"}],"author":[{"embeddable":true,"href":"https:\/\/dimud.com\/de\/wp-json\/wp\/v2\/users\/28"}],"replies":[{"embeddable":true,"href":"https:\/\/dimud.com\/de\/wp-json\/wp\/v2\/comments?post=32044"}],"version-history":[{"count":0,"href":"https:\/\/dimud.com\/de\/wp-json\/wp\/v2\/pages\/32044\/revisions"}],"wp:attachment":[{"href":"https:\/\/dimud.com\/de\/wp-json\/wp\/v2\/media?parent=32044"}],"curies":[{"name":"wp","href":"https:\/\/api.w.org\/{rel}","templated":true}]}}